{"id":8,"date":"2026-03-12T00:59:36","date_gmt":"2026-03-12T00:59:36","guid":{"rendered":"https:\/\/eg-gta211-h26-g01-e11.com\/?page_id=8"},"modified":"2026-04-19T21:12:11","modified_gmt":"2026-04-20T01:12:11","slug":"first-page","status":"publish","type":"page","link":"https:\/\/eg-gta211-h26-g01-e11.com\/","title":{"rendered":"Page d&rsquo;accueil"},"content":{"rendered":"\n<div class=\"wp-block-group alignfull is-style-section-1\" style=\"margin-top:0;margin-bottom:0;padding-top:var(--wp--preset--spacing--80);padding-bottom:var(--wp--preset--spacing--80)\"><div class=\"wp-block-group__inner-container is-layout-constrained wp-block-group-is-layout-constrained\">\n<div class=\"wp-block-columns alignwide is-layout-flex wp-container-core-columns-is-layout-36b9a279 wp-block-columns-is-layout-flex\">\n<div class=\"wp-block-column is-vertically-aligned-center is-layout-flow wp-block-column-is-layout-flow\" style=\"padding-right:var(--wp--preset--spacing--50);flex-basis:45%\">\n<figure class=\"wp-block-image size-full is-resized\"><img loading=\"lazy\" decoding=\"async\" width=\"286\" height=\"176\" src=\"https:\/\/eg-gta211-h26-g01-e11.com\/wp-content\/uploads\/2026\/03\/image.png\" alt=\"\" class=\"wp-image-28\" style=\"aspect-ratio:1.6250734286273743;width:543px;height:auto\"\/><\/figure>\n\n\n\n<div class=\"wp-block-group\" style=\"margin-top:-12vw\"><div class=\"wp-block-group__inner-container is-layout-constrained wp-block-group-is-layout-constrained\"><\/div><\/div>\n<\/div>\n\n\n\n<div class=\"wp-block-column is-vertically-aligned-center is-layout-flow wp-block-column-is-layout-flow\" style=\"padding-right:0;padding-left:0;flex-basis:50%\">\n<div class=\"wp-block-group is-vertical is-layout-flex wp-container-core-group-is-layout-4fc3f8e1 wp-block-group-is-layout-flex\">\n<h2 class=\"wp-block-heading is-style-text-annotation\">\u00c0 propos de nous<\/h2>\n<\/div>\n\n\n\n<p class=\"is-style-text-subtitle wp-block-paragraph\">Bienvenue sur le site de l\u2019\u00c9quipe 11<br>Dans le cadre du cours <strong>Technologies d\u2019affaires appliqu\u00e9es en gestion (GTA211)<\/strong>, nous vous pr\u00e9sentons notre plateforme d\u00e9velopp\u00e9e \u00e0 l\u2019aide de WordPress. Ce site a \u00e9t\u00e9 con\u00e7u pour mettre en valeur nos apprentissages, nos analyses et les outils num\u00e9riques \u00e9tudi\u00e9s tout au long de la session.<\/p>\n\n\n\n<p class=\"is-style-text-subtitle wp-block-paragraph\">Notre site montre notre passion de combiner les \u00e9tudes avec le plaisir de f\u00eater. Il sera surtout utiliser afin de pratiquer nos comp\u00e9tences wordpress dans le cadre du cours.<\/p>\n<\/div>\n<\/div>\n<\/div><\/div>\n\n\n\n<div class=\"wp-block-group alignfull\" style=\"margin-top:0;margin-bottom:0;padding-top:var(--wp--preset--spacing--50);padding-bottom:var(--wp--preset--spacing--50)\"><div class=\"wp-block-group__inner-container is-layout-constrained wp-block-group-is-layout-constrained\">\n<h2 class=\"wp-block-heading alignwide\">Shooter<\/h2>\n\n\n\n<div class=\"wp-block-columns alignwide is-layout-flex wp-container-core-columns-is-layout-8f761849 wp-block-columns-is-layout-flex\">\n<div class=\"wp-block-column is-layout-flow wp-block-column-is-layout-flow\">\n<figure class=\"wp-block-image size-large\"><img loading=\"lazy\" decoding=\"async\" width=\"683\" height=\"1024\" src=\"https:\/\/eg-gta211-h26-g01-e11.com\/wp-content\/uploads\/2026\/03\/image-4-683x1024.png\" alt=\"\" class=\"wp-image-34\" srcset=\"https:\/\/eg-gta211-h26-g01-e11.com\/wp-content\/uploads\/2026\/03\/image-4-683x1024.png 683w, https:\/\/eg-gta211-h26-g01-e11.com\/wp-content\/uploads\/2026\/03\/image-4-200x300.png 200w, https:\/\/eg-gta211-h26-g01-e11.com\/wp-content\/uploads\/2026\/03\/image-4-768x1152.png 768w, https:\/\/eg-gta211-h26-g01-e11.com\/wp-content\/uploads\/2026\/03\/image-4.png 1000w\" sizes=\"auto, (max-width: 683px) 100vw, 683px\" \/><\/figure>\n\n\n\n<h3 class=\"wp-block-heading\">Tequila <\/h3>\n\n\n\n<p class=\"has-medium-font-size wp-block-paragraph\">Prendre de la tequila quand on a d\u00e9j\u00e0 bu peut donner l\u2019impression de prolonger le plaisir de la soir\u00e9e \ud83e\udd43, augmenter la sensation d\u2019euphorie et faciliter les interactions sociales. Certaines personnes trouvent aussi que \u00e7a donne un regain d\u2019\u00e9nergie \u00e0 court terme.<\/p>\n\n\n\n<p class=\"has-medium-font-size wp-block-paragraph\">Par contre, les <strong>inconv\u00e9nients<\/strong> sont souvent plus importants : l\u2019alcool s\u2019accumule rapidement dans le corps, ce qui augmente le risque de perdre le contr\u00f4le, d\u2019avoir des naus\u00e9es \ud83e\udd22, un mauvais jugement ou un lendemain difficile (gueule de bois). M\u00e9langer plusieurs consommations peut aussi faire en sorte qu\u2019on sous-estime son niveau d\u2019intoxication.<\/p>\n<\/div>\n\n\n\n<div class=\"wp-block-column is-layout-flow wp-block-column-is-layout-flow\">\n<figure class=\"wp-block-image size-large\"><img loading=\"lazy\" decoding=\"async\" width=\"683\" height=\"1024\" src=\"https:\/\/eg-gta211-h26-g01-e11.com\/wp-content\/uploads\/2026\/03\/image-3-683x1024.png\" alt=\"\" class=\"wp-image-33\" srcset=\"https:\/\/eg-gta211-h26-g01-e11.com\/wp-content\/uploads\/2026\/03\/image-3-683x1024.png 683w, https:\/\/eg-gta211-h26-g01-e11.com\/wp-content\/uploads\/2026\/03\/image-3-200x300.png 200w, https:\/\/eg-gta211-h26-g01-e11.com\/wp-content\/uploads\/2026\/03\/image-3-768x1152.png 768w, https:\/\/eg-gta211-h26-g01-e11.com\/wp-content\/uploads\/2026\/03\/image-3.png 1000w\" sizes=\"auto, (max-width: 683px) 100vw, 683px\" \/><\/figure>\n\n\n\n<h3 class=\"wp-block-heading\">J\u00e4germeister<\/h3>\n\n\n\n<p class=\"has-medium-font-size wp-block-paragraph\">Prendre du J\u00e4germeister quand on a d\u00e9j\u00e0 consomm\u00e9 de l\u2019alcool peut donner un second souffle \u00e0 la soir\u00e9e \ud83e\udd43, surtout \u00e0 cause de son go\u00fbt sucr\u00e9 et de l\u2019effet stimulant que certaines personnes ressentent. \u00c7a peut aussi rendre l\u2019ambiance plus festive et d\u00e9sinhiber davantage \ud83d\ude04.<\/p>\n\n\n\n<p class=\"has-medium-font-size wp-block-paragraph\">Cependant, les <strong>inconv\u00e9nients<\/strong> restent importants : l\u2019alcool suppl\u00e9mentaire augmente rapidement l\u2019intoxication, ce qui peut amener des \u00e9tourdissements, des naus\u00e9es \ud83e\udd22, une perte de jugement et un risque plus \u00e9lev\u00e9 de gueule de bois. Comme c\u2019est une boisson forte, les effets peuvent surprendre plus vite qu\u2019on le pense.<\/p>\n<\/div>\n\n\n\n<div class=\"wp-block-column is-layout-flow wp-block-column-is-layout-flow\">\n<figure class=\"wp-block-image size-large\"><img loading=\"lazy\" decoding=\"async\" width=\"683\" height=\"1024\" src=\"https:\/\/eg-gta211-h26-g01-e11.com\/wp-content\/uploads\/2026\/03\/image-5-683x1024.png\" alt=\"\" class=\"wp-image-35\" srcset=\"https:\/\/eg-gta211-h26-g01-e11.com\/wp-content\/uploads\/2026\/03\/image-5-683x1024.png 683w, https:\/\/eg-gta211-h26-g01-e11.com\/wp-content\/uploads\/2026\/03\/image-5-200x300.png 200w, https:\/\/eg-gta211-h26-g01-e11.com\/wp-content\/uploads\/2026\/03\/image-5-768x1152.png 768w, https:\/\/eg-gta211-h26-g01-e11.com\/wp-content\/uploads\/2026\/03\/image-5.png 1000w\" sizes=\"auto, (max-width: 683px) 100vw, 683px\" \/><\/figure>\n\n\n\n<h3 class=\"wp-block-heading\">Fireball<\/h3>\n\n\n\n<p class=\"has-medium-font-size wp-block-paragraph\">Prendre du Fireball apr\u00e8s avoir d\u00e9j\u00e0 bu peut sembler agr\u00e9able gr\u00e2ce \u00e0 son go\u00fbt sucr\u00e9 \u00e0 la cannelle \ud83e\udd43 et donner l\u2019impression de raviver l\u2019ambiance de la soir\u00e9e. Certaines personnes trouvent aussi que \u00e7a passe facilement malgr\u00e9 l\u2019alcool d\u00e9j\u00e0 consomm\u00e9 \ud83d\ude04.<\/p>\n\n\n\n<p class=\"has-medium-font-size wp-block-paragraph\">Par contre, comme c\u2019est un alcool fort, \u00e7a peut rapidement augmenter le niveau d\u2019intoxication. Les effets n\u00e9gatifs peuvent inclure des \u00e9tourdissements, des maux de c\u0153ur \ud83e\udd22, une baisse du jugement et un lendemain plus difficile. Le go\u00fbt sucr\u00e9 peut aussi faire oublier la quantit\u00e9 d\u2019alcool consomm\u00e9e.<\/p>\n<\/div>\n<\/div>\n<\/div><\/div>\n\n\n\n<h2>Voici un reportage sur nos fameux 5 \u00e0 8 \u00e0 l&rsquo;UdeS<h2\/>\n\n\n\n<figure class=\"wp-block-embed aligncenter is-type-video is-provider-youtube wp-block-embed-youtube wp-embed-aspect-4-3 wp-has-aspect-ratio\"><div class=\"wp-block-embed__wrapper\">\n<iframe loading=\"lazy\" title=\"Dans les coulisses du 5@8 de l&#039;UDES | Reportage\" width=\"580\" height=\"435\" src=\"https:\/\/www.youtube.com\/embed\/4NzWZBZ_TK8?feature=oembed\" frameborder=\"0\" allow=\"accelerometer; autoplay; clipboard-write; encrypted-media; gyroscope; picture-in-picture; web-share\" referrerpolicy=\"strict-origin-when-cross-origin\" allowfullscreen><\/iframe>\n<\/div><\/figure>\n","protected":false},"excerpt":{"rendered":"<p>\u00c0 propos de nous Bienvenue sur le site de l\u2019\u00c9quipe 11Dans le cadre du cours Technologies d\u2019affaires appliqu\u00e9es en gestion (GTA211), nous vous pr\u00e9sentons notre plateforme d\u00e9velopp\u00e9e \u00e0 l\u2019aide de WordPress. Ce site a \u00e9t\u00e9 con\u00e7u pour mettre en valeur nos apprentissages, nos analyses et les outils num\u00e9riques \u00e9tudi\u00e9s tout au long de la session. [&hellip;]<\/p>\n","protected":false},"author":1,"featured_media":0,"parent":0,"menu_order":0,"comment_status":"open","ping_status":"closed","template":"","meta":{"_crdt_document":"","advanced_seo_description":"","jetpack_seo_html_title":"","jetpack_seo_noindex":false,"footnotes":""},"class_list":["post-8","page","type-page","status-publish","hentry"],"jetpack_sharing_enabled":true,"jetpack_shortlink":"https:\/\/wp.me\/PhcViy-8","_links":{"self":[{"href":"https:\/\/eg-gta211-h26-g01-e11.com\/index.php\/wp-json\/wp\/v2\/pages\/8","targetHints":{"allow":["GET"]}}],"collection":[{"href":"https:\/\/eg-gta211-h26-g01-e11.com\/index.php\/wp-json\/wp\/v2\/pages"}],"about":[{"href":"https:\/\/eg-gta211-h26-g01-e11.com\/index.php\/wp-json\/wp\/v2\/types\/page"}],"author":[{"embeddable":true,"href":"https:\/\/eg-gta211-h26-g01-e11.com\/index.php\/wp-json\/wp\/v2\/users\/1"}],"replies":[{"embeddable":true,"href":"https:\/\/eg-gta211-h26-g01-e11.com\/index.php\/wp-json\/wp\/v2\/comments?post=8"}],"version-history":[{"count":8,"href":"https:\/\/eg-gta211-h26-g01-e11.com\/index.php\/wp-json\/wp\/v2\/pages\/8\/revisions"}],"predecessor-version":[{"id":69,"href":"https:\/\/eg-gta211-h26-g01-e11.com\/index.php\/wp-json\/wp\/v2\/pages\/8\/revisions\/69"}],"wp:attachment":[{"href":"https:\/\/eg-gta211-h26-g01-e11.com\/index.php\/wp-json\/wp\/v2\/media?parent=8"}],"curies":[{"name":"wp","href":"https:\/\/api.w.org\/{rel}","templated":true}]}}